{"id":5764,"date":"2013-01-24T14:47:50","date_gmt":"2013-01-24T19:47:50","guid":{"rendered":"https:\/\/www.bernierfournieravocats.com\/?page_id=5764"},"modified":"2023-11-06T09:32:47","modified_gmt":"2023-11-06T14:32:47","slug":"our-lawyer-team-drummondville","status":"publish","type":"page","link":"https:\/\/www.bernierfournieravocats.com\/en\/our-lawyer-team-drummondville\/","title":{"rendered":"Team"},"content":{"rendered":"<div class=\"wpb-content-wrapper\"><p>[vc_row][vc_column][vc_empty_space height=&#8221;3em&#8221;][vc_column_text]<\/p>\n<h3 class=\"text-center \">Our team consists of lawyers with strong legal background working<br \/>\ntogether to protect our clients\u2019 legal and financial interests.<\/h3>\n<p>&nbsp;<\/p>\n<p>[\/vc_column_text][vc_column_text]<\/p>\n<h2>Lawyers<\/h2>\n<div class=\"liste_equipe\"><ul><li><a href=\"https:\/\/www.bernierfournieravocats.com\/en\/our-lawyer-team-drummondville\/serge-bernier-ll-b\/\"><div class=\"equipe_featured_image_wrapper member\"><img decoding=\"async\" src=\"https:\/\/www.bernierfournieravocats.com\/wp-content\/uploads\/2019\/04\/bf-serge-bernier-fev-2026-web-400x400px.jpg\" alt=\"Serge Bernier, LL.B.\" \/><\/div><\/a><div><a href=\"https:\/\/www.bernierfournieravocats.com\/en\/our-lawyer-team-drummondville\/serge-bernier-ll-b\/\">Serge Bernier<br\/> LL.B.<\/a><\/div><div><span>Executive manager associate<\/span><\/div><\/li><li><a href=\"https:\/\/www.bernierfournieravocats.com\/en\/our-lawyer-team-drummondville\/catherine-fournier-ll-b\/\"><div class=\"equipe_featured_image_wrapper member\"><img decoding=\"async\" src=\"https:\/\/www.bernierfournieravocats.com\/wp-content\/uploads\/2019\/04\/catherine-fournier-bf-400x400.jpg\" alt=\"Personne souriante en tenue professionnelle, repr\u00e9sentant notre cabinet d&#039;avocats \u00e0 Drummondville.\" \/><\/div><\/a><div><a href=\"https:\/\/www.bernierfournieravocats.com\/en\/our-lawyer-team-drummondville\/catherine-fournier-ll-b\/\">Catherine Fournier<br\/> LL.B.<\/a><\/div><div><span>Associate<\/span><\/div><\/li><li><a href=\"https:\/\/www.bernierfournieravocats.com\/en\/our-lawyer-team-drummondville\/maxime-lauziere-ll-b-ll-m-b-a\/\"><div class=\"equipe_featured_image_wrapper member\"><img decoding=\"async\" src=\"https:\/\/www.bernierfournieravocats.com\/wp-content\/uploads\/2019\/06\/maximelauzierehd2017-copie2-e1560801950356-400x400.jpg\" alt=\"Maxime Lauziere, LL.B, LL.M, B.A.\" \/><\/div><\/a><div><a href=\"https:\/\/www.bernierfournieravocats.com\/en\/our-lawyer-team-drummondville\/maxime-lauziere-ll-b-ll-m-b-a\/\">Maxime Lauziere<br\/> LL.B, LL.M, B.A.<\/a><\/div><div><span>Senior partner<\/span><\/div><\/li><li><a href=\"https:\/\/www.bernierfournieravocats.com\/en\/our-lawyer-team-drummondville\/daniel-wysocki-ll-b-j-d\/\"><div class=\"equipe_featured_image_wrapper member\"><img decoding=\"async\" src=\"https:\/\/www.bernierfournieravocats.com\/wp-content\/uploads\/2019\/04\/web-1-400x400.jpg\" alt=\"Me Daniel Wysocki\" \/><\/div><\/a><div><a href=\"https:\/\/www.bernierfournieravocats.com\/en\/our-lawyer-team-drummondville\/daniel-wysocki-ll-b-j-d\/\">Daniel Wysocki<br\/> LL.B., J.D.<\/a><\/div><div><span>Senior partner<\/span><\/div><\/li><li><a href=\"https:\/\/www.bernierfournieravocats.com\/en\/our-lawyer-team-drummondville\/marc-antoine-pitre-ll-b\/\"><div class=\"equipe_featured_image_wrapper member\"><img decoding=\"async\" src=\"https:\/\/www.bernierfournieravocats.com\/wp-content\/uploads\/2019\/06\/mapitre_bio-400x400.jpg\" alt=\"Marc-Antoine Pitre, LL.B., repr\u00e9sentant notre cabinet d&#039;avocats \u00e0 Drummondville, expert en droit des affaires.\" \/><\/div><\/a><div><a href=\"https:\/\/www.bernierfournieravocats.com\/en\/our-lawyer-team-drummondville\/marc-antoine-pitre-ll-b\/\">Marc-Antoine Pitre<br\/> LL.B.<\/a><\/div><div><span>Partner<\/span><\/div><\/li><li><a href=\"https:\/\/www.bernierfournieravocats.com\/en\/our-lawyer-team-drummondville\/alexandra-raymond-plante-ll-b\/\"><div class=\"equipe_featured_image_wrapper member\"><img decoding=\"async\" src=\"https:\/\/www.bernierfournieravocats.com\/wp-content\/uploads\/2019\/04\/web-1-alexandra-400x400.jpg\" alt=\"Me Alexandra Raymond-Plante, LL.B.\" \/><\/div><\/a><div><a href=\"https:\/\/www.bernierfournieravocats.com\/en\/our-lawyer-team-drummondville\/alexandra-raymond-plante-ll-b\/\">Alexandra Raymond-Plante<br\/> LL.B.<\/a><\/div><div><span>Partner<\/span><\/div><\/li><li><a href=\"https:\/\/www.bernierfournieravocats.com\/en\/our-lawyer-team-drummondville\/marco-morin-ll-b\/\"><div class=\"equipe_featured_image_wrapper member\"><img decoding=\"async\" src=\"https:\/\/www.bernierfournieravocats.com\/wp-content\/uploads\/2024\/05\/web-2-me-marco-morin-3-400x400.jpg\" alt=\"Avocat en costume, expert en droit des affaires \u00e0 Drummondville.\" \/><\/div><\/a><div><a href=\"https:\/\/www.bernierfournieravocats.com\/en\/our-lawyer-team-drummondville\/marco-morin-ll-b\/\">Marco Morin<br\/> LL.B.<\/a><\/div><div><span>Associate<\/span><\/div><\/li><li><a href=\"https:\/\/www.bernierfournieravocats.com\/en\/our-lawyer-team-drummondville\/julie-gagne-ll-b\/\"><div class=\"equipe_featured_image_wrapper member\"><img decoding=\"async\" src=\"https:\/\/www.bernierfournieravocats.com\/wp-content\/uploads\/2019\/07\/julie_gagne_bio2-1-e1561745183900-397x400.jpg\" alt=\"Me Julie Gagn\u00e9, LL.B., sp\u00e9cialis\u00e9e en droit des affaires \u00e0 Drummondville.\" \/><\/div><\/a><div><a href=\"https:\/\/www.bernierfournieravocats.com\/en\/our-lawyer-team-drummondville\/julie-gagne-ll-b\/\">Julie Gagn\u00e9<br\/> LL.B.<\/a><\/div><div><span>Associate<\/span><\/div><\/li><li><a href=\"https:\/\/www.bernierfournieravocats.com\/en\/our-lawyer-team-drummondville\/miguel-mpetsi-lemelin-ll-b\/\"><div class=\"equipe_featured_image_wrapper member\"><img decoding=\"async\" src=\"https:\/\/www.bernierfournieravocats.com\/wp-content\/uploads\/2022\/10\/miguel-m-lemelin-web-2-0358-400x400.jpg\" alt=\"Miguel M Lemelin, expert en litige civil \u00e0 Drummondville.\" \/><\/div><\/a><div><a href=\"https:\/\/www.bernierfournieravocats.com\/en\/our-lawyer-team-drummondville\/miguel-mpetsi-lemelin-ll-b\/\">Miguel Mpetsi Lemelin<br\/> LL.B.<\/a><\/div><div><span>Associate<\/span><\/div><\/li><li><a href=\"https:\/\/www.bernierfournieravocats.com\/en\/our-lawyer-team-drummondville\/gabriel-serena-belisle-b-c-l-ll-b-b-a\/\"><div class=\"equipe_featured_image_wrapper member\"><img decoding=\"async\" src=\"https:\/\/www.bernierfournieravocats.com\/wp-content\/uploads\/2025\/07\/gabriel-web-1-400x400.jpg\" alt=\"Avocat \u00e0 Drummondville en costume, pr\u00eat \u00e0 offrir des conseils juridiques personnalis\u00e9s.\" \/><\/div><\/a><div><a href=\"https:\/\/www.bernierfournieravocats.com\/en\/our-lawyer-team-drummondville\/gabriel-serena-belisle-b-c-l-ll-b-b-a\/\">Gabriel Serena-B\u00e9lisle<br\/> B.C.L., LL.B, B.A.<\/a><\/div><div><span>Associate<\/span><\/div><\/li><li><a href=\"https:\/\/www.bernierfournieravocats.com\/en\/our-lawyer-team-drummondville\/gilles-gagnon-b-a-ll-l\/\"><div class=\"equipe_featured_image_wrapper member\"><img decoding=\"async\" src=\"https:\/\/www.bernierfournieravocats.com\/wp-content\/uploads\/2015\/10\/Me_Gilles_Gagnon_Bernier_Fournier-e1556823325959-400x400.jpg\" alt=\"Gilles Gagnon, B.A., LL.L., expert en droit des affaires \u00e0 Drummondville.\" \/><\/div><\/a><div><a href=\"https:\/\/www.bernierfournieravocats.com\/en\/our-lawyer-team-drummondville\/gilles-gagnon-b-a-ll-l\/\">Gilles Gagnon<br\/> B.A., LL.L.<\/a><\/div><div><span>Lawyer<\/span><\/div><\/li><li><a href=\"https:\/\/www.bernierfournieravocats.com\/en\/our-lawyer-team-drummondville\/marie-sophie-demers-ll-b\/\"><div class=\"equipe_featured_image_wrapper member\"><img decoding=\"async\" src=\"https:\/\/www.bernierfournieravocats.com\/wp-content\/uploads\/2021\/09\/web-9386-400x400.jpg\" alt=\"Avocate souriante en tenue professionnelle, sp\u00e9cialis\u00e9e en droit des affaires chez Bernier Fournier Avocats.\" \/><\/div><\/a><div><a href=\"https:\/\/www.bernierfournieravocats.com\/en\/our-lawyer-team-drummondville\/marie-sophie-demers-ll-b\/\">Marie-Sophie Demers<br\/> LL.B.<\/a><\/div><div><span>Lawyer<\/span><\/div><\/li><li><a href=\"https:\/\/www.bernierfournieravocats.com\/en\/our-lawyer-team-drummondville\/alexandre-bellemare\/\"><div class=\"equipe_featured_image_wrapper member\"><img decoding=\"async\" src=\"https:\/\/www.bernierfournieravocats.com\/wp-content\/uploads\/2020\/01\/alexandre_bellemare_hd-400x400.jpg\" alt=\"Me Alexandre Bellemare, expert en droit des affaires \u00e0 Drummondville.\" \/><\/div><\/a><div><a href=\"https:\/\/www.bernierfournieravocats.com\/en\/our-lawyer-team-drummondville\/alexandre-bellemare\/\">Alexandre Bellemare<br\/> LL.B.<\/a><\/div><div><span>Lawyer<\/span><\/div><\/li><li><a href=\"https:\/\/www.bernierfournieravocats.com\/en\/our-lawyer-team-drummondville\/katherine-cote-ll-b\/\"><div class=\"equipe_featured_image_wrapper member\"><img decoding=\"async\" src=\"https:\/\/www.bernierfournieravocats.com\/wp-content\/uploads\/2022\/07\/katherine-cote-web-5309-400x400.jpg\" alt=\"Katherine C\u00f4t\u00e9\" \/><\/div><\/a><div><a href=\"https:\/\/www.bernierfournieravocats.com\/en\/our-lawyer-team-drummondville\/katherine-cote-ll-b\/\">Katherine C\u00f4t\u00e9<br\/> LL.B.<\/a><\/div><div><span>Lawyer<\/span><\/div><\/li><li><a href=\"https:\/\/www.bernierfournieravocats.com\/en\/our-lawyer-team-drummondville\/me-jean-christophe-massie-ll-b\/\"><div class=\"equipe_featured_image_wrapper member\"><img decoding=\"async\" src=\"https:\/\/www.bernierfournieravocats.com\/wp-content\/uploads\/2025\/11\/jean-christophe-web-4-400x400.jpg\" alt=\"Me Jean-Christophe Massie LL.B\" \/><\/div><\/a><div><a href=\"https:\/\/www.bernierfournieravocats.com\/en\/our-lawyer-team-drummondville\/me-jean-christophe-massie-ll-b\/\">Me Jean-Christophe Massie LL.B<\/a><\/div><div><span>Lawyer<\/span><\/div><\/li><li><a href=\"https:\/\/www.bernierfournieravocats.com\/en\/our-lawyer-team-drummondville\/alexiane-boisse-leclerc\/\"><div class=\"equipe_featured_image_wrapper member\"><img decoding=\"async\" src=\"https:\/\/www.bernierfournieravocats.com\/wp-content\/uploads\/2022\/05\/alexiane-boisse-leclerc-web-020-400x400.jpg\" alt=\"Alexiane Boiss\u00e9-Leclerc, LL.B.\" \/><\/div><\/a><div><a href=\"https:\/\/www.bernierfournieravocats.com\/en\/our-lawyer-team-drummondville\/alexiane-boisse-leclerc\/\">Alexiane Boiss\u00e9-Leclerc<br\/> LL.B.<\/a><\/div><div><span>Lawyer<\/span><\/div><\/li><li><a href=\"https:\/\/www.bernierfournieravocats.com\/en\/our-lawyer-team-drummondville\/juliette-de-grandpre-ll-b\/\"><div class=\"equipe_featured_image_wrapper member\"><img decoding=\"async\" src=\"https:\/\/www.bernierfournieravocats.com\/wp-content\/uploads\/2025\/02\/juliette-hr-3-e1750960981858-400x400.jpg\" alt=\"Personne souriante en costume, repr\u00e9sentant notre expertise en droit des affaires \u00e0 Drummondville.\" \/><\/div><\/a><div><a href=\"https:\/\/www.bernierfournieravocats.com\/en\/our-lawyer-team-drummondville\/juliette-de-grandpre-ll-b\/\">Juliette de Grandpr\u00e9<br\/> LL.B.<\/a><\/div><div><span>Lawyer<\/span><\/div><\/li><li><a href=\"https:\/\/www.bernierfournieravocats.com\/en\/our-lawyer-team-drummondville\/laura-maria-ocasiones\/\"><div class=\"equipe_featured_image_wrapper member\"><img decoding=\"async\" src=\"https:\/\/www.bernierfournieravocats.com\/wp-content\/uploads\/2024\/09\/laura-web-3-400x400.jpg\" alt=\"Me Laura Maria Ocasiones, LL.B.\" \/><\/div><\/a><div><a href=\"https:\/\/www.bernierfournieravocats.com\/en\/our-lawyer-team-drummondville\/laura-maria-ocasiones\/\">Laura Maria Ocasiones<br\/> LL.B.<\/a><\/div><div><span>Lawyer<\/span><\/div><\/li><li><a href=\"https:\/\/www.bernierfournieravocats.com\/en\/our-lawyer-team-drummondville\/carolanne-belisle-ll-b\/\"><div class=\"equipe_featured_image_wrapper member\"><img decoding=\"async\" src=\"https:\/\/www.bernierfournieravocats.com\/wp-content\/uploads\/2025\/04\/carolanne-web-2-400x400.jpg\" alt=\"Carolanne B\u00e9lisle, LL.B.\" \/><\/div><\/a><div><a href=\"https:\/\/www.bernierfournieravocats.com\/en\/our-lawyer-team-drummondville\/carolanne-belisle-ll-b\/\">Carolanne B\u00e9lisle<br\/> LL.B.<\/a><\/div><div><span>Lawyer<\/span><\/div><\/li><\/ul><\/div>[\/vc_column_text][vc_column_text]<\/p>\n<h2>Direction<\/h2>\n<div class=\"liste_equipe\"><ul><li><a href=\"https:\/\/www.bernierfournieravocats.com\/en\/our-lawyer-team-drummondville\/me-christian-tourigny\/\"><div class=\"equipe_featured_image_wrapper member\"><img decoding=\"async\" src=\"https:\/\/www.bernierfournieravocats.com\/wp-content\/uploads\/2022\/09\/chrisitian-tourigny-web-8251-400x400.jpg\" alt=\"Christian Tourigny\" \/><\/div><\/a><div><a href=\"https:\/\/www.bernierfournieravocats.com\/en\/our-lawyer-team-drummondville\/me-christian-tourigny\/\">Christian Tourigny<\/a><\/div><div><span>Direction<\/span><\/div><\/li><\/ul><\/div>[\/vc_column_text][vc_column_text]<\/p>\n<h2>Intern and Student<\/h2>\n<div class=\"liste_equipe\"><ul><li><a href=\"https:\/\/www.bernierfournieravocats.com\/en\/our-lawyer-team-drummondville\/elody-southiere\/\"><div class=\"equipe_featured_image_wrapper member\"><img decoding=\"async\" src=\"https:\/\/www.bernierfournieravocats.com\/wp-content\/uploads\/2026\/01\/elodie-2-400x400.jpg\" alt=\"\u00c9lody Southi\u00e8re\" \/><\/div><\/a><div><a href=\"https:\/\/www.bernierfournieravocats.com\/en\/our-lawyer-team-drummondville\/elody-southiere\/\">\u00c9lody Southi\u00e8re<\/a><\/div><div><span>Intern<\/span><\/div><\/li><li><a href=\"https:\/\/www.bernierfournieravocats.com\/en\/our-lawyer-team-drummondville\/antoine-crete\/\"><div class=\"equipe_featured_image_wrapper member\"><img decoding=\"async\" src=\"https:\/\/www.bernierfournieravocats.com\/wp-content\/uploads\/2025\/09\/antoine-crete-web-2-400x400.jpg\" alt=\"Antoine Cr\u00eate\" \/><\/div><\/a><div><a href=\"https:\/\/www.bernierfournieravocats.com\/en\/our-lawyer-team-drummondville\/antoine-crete\/\">Antoine Cr\u00eate<\/a><\/div><div><span>Student<\/span><\/div><\/li><li><a href=\"https:\/\/www.bernierfournieravocats.com\/en\/our-lawyer-team-drummondville\/florent-jutras\/\"><div class=\"equipe_featured_image_wrapper member\"><img decoding=\"async\" src=\"https:\/\/www.bernierfournieravocats.com\/wp-content\/uploads\/2025\/09\/florent-jutras-web-3-400x400.jpg\" alt=\"Florent Jutras\" \/><\/div><\/a><div><a href=\"https:\/\/www.bernierfournieravocats.com\/en\/our-lawyer-team-drummondville\/florent-jutras\/\">Florent Jutras<\/a><\/div><div><span>Student<\/span><\/div><\/li><li><a href=\"https:\/\/www.bernierfournieravocats.com\/en\/our-lawyer-team-drummondville\/erika-banninger-dugas\/\"><div class=\"equipe_featured_image_wrapper member\"><img decoding=\"async\" src=\"https:\/\/www.bernierfournieravocats.com\/wp-content\/uploads\/2026\/01\/erika-2-400x400.jpg\" alt=\"Erika Banninger-Dugas\" \/><\/div><\/a><div><a href=\"https:\/\/www.bernierfournieravocats.com\/en\/our-lawyer-team-drummondville\/erika-banninger-dugas\/\">Erika Banninger-Dugas<\/a><\/div><div><span>SMES Corporate services<\/span><\/div><\/li><\/ul><\/div>[\/vc_column_text][\/vc_column][\/vc_row]<\/p>\n<\/div>","protected":false},"excerpt":{"rendered":"[vc_row][vc_column][vc_empty_space height=&#8221;3em&#8221;][vc_column_text] Our team consists of lawyers with strong legal background working together to protect our clients\u2019 legal and financial interests. &nbsp; [\/vc_column_text][vc_column_text] Lawyers [\/vc_column_text][vc_column_text] Direction [\/vc_column_text][vc_column_text] Intern and Student [\/vc_column_text][\/vc_column][\/vc_row]","protected":false},"author":1,"featured_media":0,"parent":0,"menu_order":0,"comment_status":"closed","ping_status":"closed","template":"template-sans-sidebar.php","meta":{"_acf_changed":false,"footnotes":""},"champ-de-competence":[],"class_list":["post-5764","page","type-page","status-publish","hentry"],"acf":[],"yoast_head":"<!-- This site is optimized with the Yoast SEO plugin v27.0 - https:\/\/yoast.com\/product\/yoast-seo-wordpress\/ -->\n<title>Drummondville Lawyers - Bernier Fournier Inc.<\/title>\n<meta name=\"description\" content=\"Bernier Fournier Inc. - Drummondville Lawyers is a team of qualified lawyers that have developed extensive expertise in a wide range of areas of law.\" \/>\n<meta name=\"robots\" content=\"index, follow, max-snippet:-1, max-image-preview:large, max-video-preview:-1\" \/>\n<link rel=\"canonical\" href=\"https:\/\/www.bernierfournieravocats.com\/en\/our-lawyer-team-drummondville\/\" \/>\n<meta property=\"og:locale\" content=\"en_US\" \/>\n<meta property=\"og:type\" content=\"article\" \/>\n<meta property=\"og:title\" content=\"Drummondville Lawyers - Bernier Fournier Inc.\" \/>\n<meta property=\"og:description\" content=\"Bernier Fournier Inc. - Drummondville Lawyers is a team of qualified lawyers that have developed extensive expertise in a wide range of areas of law.\" \/>\n<meta property=\"og:url\" content=\"https:\/\/www.bernierfournieravocats.com\/en\/our-lawyer-team-drummondville\/\" \/>\n<meta property=\"og:site_name\" content=\"Bernier Fournier Inc. - Drummondville Lawyers\" \/>\n<meta property=\"article:publisher\" content=\"https:\/\/www.facebook.com\/BernierFournier\/\" \/>\n<meta property=\"article:modified_time\" content=\"2023-11-06T14:32:47+00:00\" \/>\n<meta property=\"og:image\" content=\"https:\/\/www.bernierfournieravocats.com\/wp-content\/uploads\/2021\/06\/bernier-fournier-avocats-social-2.jpg\" \/>\n\t<meta property=\"og:image:width\" content=\"1200\" \/>\n\t<meta property=\"og:image:height\" content=\"630\" \/>\n\t<meta property=\"og:image:type\" content=\"image\/jpeg\" \/>\n<meta name=\"twitter:card\" content=\"summary_large_image\" \/>\n<meta name=\"twitter:site\" content=\"@BernierFournier\" \/>\n<meta name=\"twitter:label1\" content=\"Est. reading time\" \/>\n\t<meta name=\"twitter:data1\" content=\"1 minute\" \/>\n<script type=\"application\/ld+json\" class=\"yoast-schema-graph\">{\"@context\":\"https:\/\/schema.org\",\"@graph\":[{\"@type\":\"WebPage\",\"@id\":\"https:\/\/www.bernierfournieravocats.com\/en\/our-lawyer-team-drummondville\/\",\"url\":\"https:\/\/www.bernierfournieravocats.com\/en\/our-lawyer-team-drummondville\/\",\"name\":\"Drummondville Lawyers - Bernier Fournier Inc.\",\"isPartOf\":{\"@id\":\"https:\/\/www.bernierfournieravocats.com\/en\/#website\"},\"datePublished\":\"2013-01-24T19:47:50+00:00\",\"dateModified\":\"2023-11-06T14:32:47+00:00\",\"description\":\"Bernier Fournier Inc. - Drummondville Lawyers is a team of qualified lawyers that have developed extensive expertise in a wide range of areas of law.\",\"breadcrumb\":{\"@id\":\"https:\/\/www.bernierfournieravocats.com\/en\/our-lawyer-team-drummondville\/#breadcrumb\"},\"inLanguage\":\"en-CA\",\"potentialAction\":[{\"@type\":\"ReadAction\",\"target\":[\"https:\/\/www.bernierfournieravocats.com\/en\/our-lawyer-team-drummondville\/\"]}]},{\"@type\":\"BreadcrumbList\",\"@id\":\"https:\/\/www.bernierfournieravocats.com\/en\/our-lawyer-team-drummondville\/#breadcrumb\",\"itemListElement\":[{\"@type\":\"ListItem\",\"position\":1,\"name\":\"Home\",\"item\":\"https:\/\/www.bernierfournieravocats.com\/en\/\"},{\"@type\":\"ListItem\",\"position\":2,\"name\":\"Team\"}]},{\"@type\":\"WebSite\",\"@id\":\"https:\/\/www.bernierfournieravocats.com\/en\/#website\",\"url\":\"https:\/\/www.bernierfournieravocats.com\/en\/\",\"name\":\"Bernier Fournier Inc. - Avocats Drummondville\",\"description\":\"Un cabinet d&#039;avocats passionn\u00e9s, investis et engag\u00e9s\",\"publisher\":{\"@id\":\"https:\/\/www.bernierfournieravocats.com\/en\/#organization\"},\"potentialAction\":[{\"@type\":\"SearchAction\",\"target\":{\"@type\":\"EntryPoint\",\"urlTemplate\":\"https:\/\/www.bernierfournieravocats.com\/en\/?s={search_term_string}\"},\"query-input\":{\"@type\":\"PropertyValueSpecification\",\"valueRequired\":true,\"valueName\":\"search_term_string\"}}],\"inLanguage\":\"en-CA\"},{\"@type\":\"Organization\",\"@id\":\"https:\/\/www.bernierfournieravocats.com\/en\/#organization\",\"name\":\"Bernier Fournier Avocats\",\"url\":\"https:\/\/www.bernierfournieravocats.com\/en\/\",\"logo\":{\"@type\":\"ImageObject\",\"inLanguage\":\"en-CA\",\"@id\":\"https:\/\/www.bernierfournieravocats.com\/en\/#\/schema\/logo\/image\/\",\"url\":\"https:\/\/www.bernierfournieravocats.com\/wp-content\/uploads\/2021\/06\/logobf-new.png\",\"contentUrl\":\"https:\/\/www.bernierfournieravocats.com\/wp-content\/uploads\/2021\/06\/logobf-new.png\",\"width\":249,\"height\":249,\"caption\":\"Bernier Fournier Avocats\"},\"image\":{\"@id\":\"https:\/\/www.bernierfournieravocats.com\/en\/#\/schema\/logo\/image\/\"},\"sameAs\":[\"https:\/\/www.facebook.com\/BernierFournier\/\",\"https:\/\/x.com\/BernierFournier\",\"https:\/\/www.linkedin.com\/company\/bernier-fournier\"]}]}<\/script>\n<!-- \/ Yoast SEO plugin. -->","yoast_head_json":{"title":"Drummondville Lawyers - Bernier Fournier Inc.","description":"Bernier Fournier Inc. - Drummondville Lawyers is a team of qualified lawyers that have developed extensive expertise in a wide range of areas of law.","robots":{"index":"index","follow":"follow","max-snippet":"max-snippet:-1","max-image-preview":"max-image-preview:large","max-video-preview":"max-video-preview:-1"},"canonical":"https:\/\/www.bernierfournieravocats.com\/en\/our-lawyer-team-drummondville\/","og_locale":"en_US","og_type":"article","og_title":"Drummondville Lawyers - Bernier Fournier Inc.","og_description":"Bernier Fournier Inc. - Drummondville Lawyers is a team of qualified lawyers that have developed extensive expertise in a wide range of areas of law.","og_url":"https:\/\/www.bernierfournieravocats.com\/en\/our-lawyer-team-drummondville\/","og_site_name":"Bernier Fournier Inc. - Drummondville Lawyers","article_publisher":"https:\/\/www.facebook.com\/BernierFournier\/","article_modified_time":"2023-11-06T14:32:47+00:00","og_image":[{"width":1200,"height":630,"url":"https:\/\/www.bernierfournieravocats.com\/wp-content\/uploads\/2021\/06\/bernier-fournier-avocats-social-2.jpg","type":"image\/jpeg"}],"twitter_card":"summary_large_image","twitter_site":"@BernierFournier","twitter_misc":{"Est. reading time":"1 minute"},"schema":{"@context":"https:\/\/schema.org","@graph":[{"@type":"WebPage","@id":"https:\/\/www.bernierfournieravocats.com\/en\/our-lawyer-team-drummondville\/","url":"https:\/\/www.bernierfournieravocats.com\/en\/our-lawyer-team-drummondville\/","name":"Drummondville Lawyers - Bernier Fournier Inc.","isPartOf":{"@id":"https:\/\/www.bernierfournieravocats.com\/en\/#website"},"datePublished":"2013-01-24T19:47:50+00:00","dateModified":"2023-11-06T14:32:47+00:00","description":"Bernier Fournier Inc. - Drummondville Lawyers is a team of qualified lawyers that have developed extensive expertise in a wide range of areas of law.","breadcrumb":{"@id":"https:\/\/www.bernierfournieravocats.com\/en\/our-lawyer-team-drummondville\/#breadcrumb"},"inLanguage":"en-CA","potentialAction":[{"@type":"ReadAction","target":["https:\/\/www.bernierfournieravocats.com\/en\/our-lawyer-team-drummondville\/"]}]},{"@type":"BreadcrumbList","@id":"https:\/\/www.bernierfournieravocats.com\/en\/our-lawyer-team-drummondville\/#breadcrumb","itemListElement":[{"@type":"ListItem","position":1,"name":"Home","item":"https:\/\/www.bernierfournieravocats.com\/en\/"},{"@type":"ListItem","position":2,"name":"Team"}]},{"@type":"WebSite","@id":"https:\/\/www.bernierfournieravocats.com\/en\/#website","url":"https:\/\/www.bernierfournieravocats.com\/en\/","name":"Bernier Fournier Inc. - Avocats Drummondville","description":"Un cabinet d&#039;avocats passionn\u00e9s, investis et engag\u00e9s","publisher":{"@id":"https:\/\/www.bernierfournieravocats.com\/en\/#organization"},"potentialAction":[{"@type":"SearchAction","target":{"@type":"EntryPoint","urlTemplate":"https:\/\/www.bernierfournieravocats.com\/en\/?s={search_term_string}"},"query-input":{"@type":"PropertyValueSpecification","valueRequired":true,"valueName":"search_term_string"}}],"inLanguage":"en-CA"},{"@type":"Organization","@id":"https:\/\/www.bernierfournieravocats.com\/en\/#organization","name":"Bernier Fournier Avocats","url":"https:\/\/www.bernierfournieravocats.com\/en\/","logo":{"@type":"ImageObject","inLanguage":"en-CA","@id":"https:\/\/www.bernierfournieravocats.com\/en\/#\/schema\/logo\/image\/","url":"https:\/\/www.bernierfournieravocats.com\/wp-content\/uploads\/2021\/06\/logobf-new.png","contentUrl":"https:\/\/www.bernierfournieravocats.com\/wp-content\/uploads\/2021\/06\/logobf-new.png","width":249,"height":249,"caption":"Bernier Fournier Avocats"},"image":{"@id":"https:\/\/www.bernierfournieravocats.com\/en\/#\/schema\/logo\/image\/"},"sameAs":["https:\/\/www.facebook.com\/BernierFournier\/","https:\/\/x.com\/BernierFournier","https:\/\/www.linkedin.com\/company\/bernier-fournier"]}]}},"_links":{"self":[{"href":"https:\/\/www.bernierfournieravocats.com\/en\/wp-json\/wp\/v2\/pages\/5764","targetHints":{"allow":["GET"]}}],"collection":[{"href":"https:\/\/www.bernierfournieravocats.com\/en\/wp-json\/wp\/v2\/pages"}],"about":[{"href":"https:\/\/www.bernierfournieravocats.com\/en\/wp-json\/wp\/v2\/types\/page"}],"author":[{"embeddable":true,"href":"https:\/\/www.bernierfournieravocats.com\/en\/wp-json\/wp\/v2\/users\/1"}],"replies":[{"embeddable":true,"href":"https:\/\/www.bernierfournieravocats.com\/en\/wp-json\/wp\/v2\/comments?post=5764"}],"version-history":[{"count":10,"href":"https:\/\/www.bernierfournieravocats.com\/en\/wp-json\/wp\/v2\/pages\/5764\/revisions"}],"predecessor-version":[{"id":19827,"href":"https:\/\/www.bernierfournieravocats.com\/en\/wp-json\/wp\/v2\/pages\/5764\/revisions\/19827"}],"wp:attachment":[{"href":"https:\/\/www.bernierfournieravocats.com\/en\/wp-json\/wp\/v2\/media?parent=5764"}],"wp:term":[{"taxonomy":"champ-de-competence","embeddable":true,"href":"https:\/\/www.bernierfournieravocats.com\/en\/wp-json\/wp\/v2\/champ-de-competence?post=5764"}],"curies":[{"name":"wp","href":"https:\/\/api.w.org\/{rel}","templated":true}]}}